{"id":11636,"date":"2015-08-19T01:30:38","date_gmt":"2015-08-19T01:30:38","guid":{"rendered":"http:\/\/www.vector-electronic.ro\/home\/?page_id=11636"},"modified":"2020-06-09T01:45:42","modified_gmt":"2020-06-09T01:45:42","slug":"termeni-si-conditii","status":"publish","type":"page","link":"https:\/\/www.vector-electronic.ro\/home\/?page_id=11636","title":{"rendered":"Termeni si conditii"},"content":{"rendered":"<p><div class=\"fusion-fullwidth fullwidth-box fusion-builder-row-1 hundred-percent-fullwidth non-hundred-percent-height-scrolling\" style=\"--awb-border-radius-top-left:0px;--awb-border-radius-top-right:0px;--awb-border-radius-bottom-right:0px;--awb-border-radius-bottom-left:0px;--awb-overflow:visible;--awb-margin-bottom:10px;--awb-background-color:rgba(255,255,255,0);--awb-flex-wrap:wrap;\" ><div class=\"fusion-builder-row fusion-row\"><div class=\"fusion-layout-column fusion_builder_column fusion-builder-column-0 fusion_builder_column_1_1 1_1 fusion-one-full fusion-column-first fusion-column-last fusion-column-no-min-height\" style=\"--awb-bg-size:cover;--awb-margin-bottom:0px;\"><div class=\"fusion-column-wrapper fusion-flex-column-wrapper-legacy\"><div class=\"fusion-sep-clear\"><\/div><div class=\"fusion-separator fusion-full-width-sep\" style=\"margin-left: auto;margin-right: auto;width:100%;\"><\/div><div class=\"fusion-sep-clear\"><\/div><div class=\"fusion-clearfix\"><\/div><\/div><\/div><\/div><\/div><div class=\"fusion-fullwidth fullwidth-box fusion-builder-row-2 hundred-percent-fullwidth non-hundred-percent-height-scrolling\" style=\"--awb-border-radius-top-left:0px;--awb-border-radius-top-right:0px;--awb-border-radius-bottom-right:0px;--awb-border-radius-bottom-left:0px;--awb-overflow:visible;--awb-flex-wrap:wrap;\" ><div class=\"fusion-builder-row fusion-row\"><div class=\"fusion-layout-column fusion_builder_column fusion-builder-column-1 fusion_builder_column_1_1 1_1 fusion-one-full fusion-column-first fusion-column-last fusion-column-no-min-height\" style=\"--awb-bg-size:cover;--awb-margin-bottom:0px;\"><div class=\"fusion-column-wrapper fusion-flex-column-wrapper-legacy\"><div class=\"fusion-reading-box-container reading-box-container-1\" style=\"--awb-title-color:#333333;--awb-margin-top:0px;--awb-margin-bottom:84px;\"><div class=\"reading-box\" style=\"background-color:#f6f6f6;border-width:1px;border-color:#f6f6f6;border-top-width:3px;border-top-color:var(--primary_color);border-style:solid;\"><h2>Conditii generale pentru utilizarea site-ului Vector Electronic<\/h2><div class=\"reading-box-additional fusion-reading-box-additional\"><strong><\/p>\n<p>1.INTRODUCERE<\/p>\n<p><\/strong><\/p>\n<p>Prezentele Conditii Generale definesc conditiile de utilizare a site-ului VECTOR ELECTRONIC de catre potentialii vizitatori si\/sau clienti.<\/p>\n<p>Acces\u00e2nd si navigand pe acest site, acceptati, de facto, termenii de utilizare descrisi \u00een continuare.<\/p>\n<p><strong><\/p>\n<p>2. CONTINUTUL INFORMATIILOR SITE-ULUI<\/p>\n<p><\/strong><\/p>\n<p>Nici o informatie prezenta pe acest site nu va fi considerata drept oferta de produse sau servicii \u00een general si produse sau servicii software \u00een special, venind din partea VECTOR ELECTRONIC.<\/p>\n<p><strong><\/p>\n<p>3. NEANGAJAREA RASPUNDERII<\/p>\n<p><\/strong><\/p>\n<p>Continutul informatiilor se refera la descrierea \u00eentr-un anumit grad de detaliere a activitatilor, produselor si serviciilor VECTOR ELECTRONIC.<\/p>\n<p>VECTOR ELECTRONIC nu va acorda nici o garantie referitoare la:<\/p>\n<p>a) evitarea utilizarii anevoioase sau \u00eentreruperii \u00een utilizare a site-ului;<\/p>\n<p>b) neafectarea \u00een sens negativ a altor sisteme prin utilizarea site-ului;<\/p>\n<p>c) inexistenta pe site-ul pus la dispozitie a virusilor informatici sau alte componente care ar putea dauna utilizatorilor.<\/p>\n<p>Astfel VECTOR ELECTRONIC nu poate fi responsabila pentru nici un fel de daune directe sau indirecte produse prin utilizarea site-ului sau.<\/p>\n<p><strong><\/p>\n<p>4. DREPTURILE ASUPRA CONTINUTULUI SITE-ULUI<\/p>\n<p><\/strong><\/p>\n<p>Toate informatiile, produsele sau aplicatiile continute \u00een acest site sunt proprietatea VECTOR ELECTRONIC S.R.L., care isi rezerva dreptul de a modifica continutul si\/sau structura site-ului \u00een orice moment si fara nici o informare prealabila.<\/p>\n<p>\u00centregul continut al site-ului VECTOR ELECTRONIC (www.vector-electronic.ro) este protejat prin Legea drepturilor de autor, toate drepturile fiind rezervate. Toate drepturile referitoare la pagini, continutul si prezentarea site-ului sunt detinute de VECTOR ELECTRONIC. Este interzisa copierea, modificarea, afisarea, distribuirea, transmiterea, publicarea, comercializarea, licentierea, crearea unor materiale derivate sau utilizarea continutului site-ului \u00een orice scop fara confirmarea scrisa din parteaVECTOR ELECTRONIC.<\/p>\n<p><strong><\/p>\n<p>5. OBIECTIVUL CONTINUTULUI SITE-ULUI<\/p>\n<p><\/strong><\/p>\n<p>Obiectivul continutului site-ului este de a transmite informatii actualizate si exacte.<\/p>\n<p>VECTOR ELECTRONIC nu poate garanta ca prezentele pagini nu contin erori, si asigura ca va depune toate diligentele pentru realizare unei informari corecte si remedierea eventualelor erori.<\/p>\n<p>Orice persoana care doreste sa-si procure unul din serviciile sau produsele prezentate \u00een site este rugata sa contacteze VECTOR ELECTRONIC prin unul din mijloacele afisate \u00een pagina Contact a site-ului, pentru a se informa at\u00e2t asupra disponibilitatii serviciului sau produsului \u00een cauza c\u00e2t si asupra conditiilor contractuale, taxelor, tarifelor si informatiilor tehnice sau de alta natura.<\/p>\n<p><strong><\/p>\n<p>6. INFORMATII PERSONALE<\/p>\n<p><\/strong><\/p>\n<p>C\u00e2nd prin intermediul prezentului site va sunt solicitate informatii, aceasta are ca scop identificarea dumneavoastra sau posibilitatea de a va contacta. Acest lucru este cu at\u00e2t mai necesar \u00een cazul folosirii aplicatiilor disponibile pe site.<\/p>\n<p>Natura informatiilor solicitate se refera \u00een special la date personale (nume, adresa, numere de telefon, fax, etc.), adresa de e-mail, modul \u00een care sunt utilizate sau intentioneaza sa fie utilizate produsele si\/sau serviciile VECTOR ELECTRONIC, dar poate include si alte informatii aflate \u00een stransa legatura cu utilizarea serviciilor si\/sau produselor solicitate. In cazul finalizarii unei solicitari de oferta sau a unei comenzi de cumparare, se solicita informatii de identificare si evidenta nationala (C.N.P., C.I.F., etc.) necesare pentru redactarea ulterioara, a documentelor referitoare\/insotitoare ale solicitarii\/comenzii.<\/p>\n<p>Cu scopul de a raspunde mai bine nevoilor si \u00eentrebarilor utilizatorilor site-ului, informatiile solicitate prin intermediul acestui site vor face obiectul unei stocari si prelucrari electronice.<\/p>\n<p><strong><\/p>\n<p>7. LEGATURA CU ALTE SITE-URI<\/p>\n<p><\/strong><\/p>\n<p>Prezentul site poate contine legaturi sau trimiteri catre alte site-uri considerate de VECTOR ELECTRONIC utile \u00een legatura cu continutul site-ului sau si care nu se afla sub controlul sau \u00eendrumarea sa. \u00cen cazul utilizarii acestor legaturi sau trimiteri se vor aplica conditiile generale de utilizare corespunzatoare acelor site-uri.<\/p>\n<p>VECTOR ELECTRONIC nu poate garanta\/controla actualitatea\/exactitatea informatiilor prezente pe site-urile unor terti, la care se face trimitere pe site-ul sau.<\/p>\n<p><strong><\/p>\n<p>8. INFORMATIILE OFERITE PRIN INTERMEDIUL SITE-ULUI<\/p>\n<p><\/strong><\/p>\n<p>Orice persoana care viziteaza site-ul VECTOR ELECTRONIC (www.vector-electronic.ro) si care ii ofera date sau informatii cu caracter personal prin intermediul acestui site isi manifesta acordul \u00een mod expres si neechivoc pentru urmatoarele: prelucrarea acestor date si informatii personale de catre VECTOR ELECTRONIC \u00een vederea efectuarii de studii de piata; transmiterii de materiale promotionale specifice operatiunilor de marketing direct; realizarii de catre VECTOR ELECTRONIC a operatiunilor de recrutare de personal (a se vedea pagina &#8220;Cariere&#8221; din site); solutionarea de catre VECTOR ELECTRONIC a cererilor, \u00eentrebarilor si reclamatiilor adresate; alte activitati \u00eentreprinse de VECTOR ELECTRONIC si permise de lege, ce nu fac obiectul unei aprobari din partea destinatarului.<\/p>\n<p>VECTOR ELECTRONIC va pastra confidentialitatea acestor informatii.<\/p>\n<p>Utilizarea \u00een continuare a acestui site constituie acordul expres si neechivoc al dumneavoastra \u00een conformitate cu prevederile legii 677\/2001 pentru protectia persoanelor cu privire la prelucrarea datelor cu caracter personal si libera circulatie a acestor date.<\/p>\n<p>Pentru orice nelamurire \u00een legatura cu exercitarea drepturilor dumneavaoastra referitoare la utilizarea site-ului si la protectia utilizarii va rugam sa ne contactati prin intermediul sectiunii &#8216;Contact&#8217; din site.<\/p>\n<p>Am citit cele enuntate mai sus si declar ca sunt de acord cu continutul acestor conditii generale de utilizare.<\/p>\n<\/div><div class=\"fusion-clearfix\"><\/div><\/div><svg style=\"opacity:0.7;\" xmlns=\"http:\/\/www.w3.org\/2000\/svg\" version=\"1.1\" width=\"100%\" viewBox=\"0 0 600 28\" preserveAspectRatio=\"none\"><g clip-path=\"url(#a)\"><mask id=\"b\" style=\"mask-type:luminance\" maskUnits=\"userSpaceOnUse\" x=\"0\" y=\"0\" width=\"600\" height=\"28\"><path d=\"M0 0h600v28H0V0Z\" fill=\"#fff\"\/><\/mask><g filter=\"url(#c)\" mask=\"url(#b)\"><path d=\"M16.439-18.667h567.123v30.8S438.961-8.4 300-8.4C161.04-8.4 16.438 12.133 16.438 12.133v-30.8Z\" fill=\"#000\"\/><\/g><\/g><defs><clipPath id=\"a\"><path fill=\"#fff\" d=\"M0 0h600v28H0z\"\/><\/clipPath><filter id=\"c\" x=\"5.438\" y=\"-29.667\" width=\"589.123\" height=\"52.8\" filterUnits=\"userSpaceOnUse\" color-interpolation-filters=\"sRGB\"><feFlood flood-opacity=\"0\" result=\"BackgroundImageFix\"\/><feBlend in=\"SourceGraphic\" in2=\"BackgroundImageFix\" result=\"shape\"\/><feGaussianBlur stdDeviation=\"5.5\" result=\"effect1_foregroundBlur_3983_183\"\/><\/filter><\/defs><\/svg><\/div><div class=\"fusion-sep-clear\"><\/div><div class=\"fusion-separator fusion-full-width-sep\" style=\"margin-left: auto;margin-right: auto;width:100%;\"><\/div><div class=\"fusion-sep-clear\"><\/div><div class=\"fusion-clearfix\"><\/div><\/div><\/div><\/div><\/div><\/p>\n","protected":false},"excerpt":{"rendered":"","protected":false},"author":1,"featured_media":0,"parent":0,"menu_order":40,"comment_status":"open","ping_status":"open","template":"","meta":{"footnotes":""},"class_list":["post-11636","page","type-page","status-publish","hentry"],"_links":{"self":[{"href":"https:\/\/www.vector-electronic.ro\/home\/index.php?rest_route=\/wp\/v2\/pages\/11636","targetHints":{"allow":["GET"]}}],"collection":[{"href":"https:\/\/www.vector-electronic.ro\/home\/index.php?rest_route=\/wp\/v2\/pages"}],"about":[{"href":"https:\/\/www.vector-electronic.ro\/home\/index.php?rest_route=\/wp\/v2\/types\/page"}],"author":[{"embeddable":true,"href":"https:\/\/www.vector-electronic.ro\/home\/index.php?rest_route=\/wp\/v2\/users\/1"}],"replies":[{"embeddable":true,"href":"https:\/\/www.vector-electronic.ro\/home\/index.php?rest_route=%2Fwp%2Fv2%2Fcomments&post=11636"}],"version-history":[{"count":5,"href":"https:\/\/www.vector-electronic.ro\/home\/index.php?rest_route=\/wp\/v2\/pages\/11636\/revisions"}],"predecessor-version":[{"id":12002,"href":"https:\/\/www.vector-electronic.ro\/home\/index.php?rest_route=\/wp\/v2\/pages\/11636\/revisions\/12002"}],"wp:attachment":[{"href":"https:\/\/www.vector-electronic.ro\/home\/index.php?rest_route=%2Fwp%2Fv2%2Fmedia&parent=11636"}],"curies":[{"name":"wp","href":"https:\/\/api.w.org\/{rel}","templated":true}]}}