{"id":11906,"date":"2015-12-11T08:44:37","date_gmt":"2015-12-11T08:44:37","guid":{"rendered":"http:\/\/www.vector-electronic.ro\/home\/?page_id=11906"},"modified":"2020-06-09T01:45:42","modified_gmt":"2020-06-09T01:45:42","slug":"cum-cumparam","status":"publish","type":"page","link":"https:\/\/www.vector-electronic.ro\/home\/?page_id=11906","title":{"rendered":"Cum cumparam?"},"content":{"rendered":"<p><div class=\"fusion-fullwidth fullwidth-box fusion-builder-row-1 hundred-percent-fullwidth non-hundred-percent-height-scrolling\" style=\"--awb-border-radius-top-left:0px;--awb-border-radius-top-right:0px;--awb-border-radius-bottom-right:0px;--awb-border-radius-bottom-left:0px;--awb-overflow:visible;--awb-margin-bottom:10px;--awb-background-color:rgba(255,255,255,0);--awb-flex-wrap:wrap;\" ><div class=\"fusion-builder-row fusion-row\"><div class=\"fusion-layout-column fusion_builder_column fusion-builder-column-0 fusion_builder_column_1_1 1_1 fusion-one-full fusion-column-first fusion-column-last fusion-column-no-min-height\" style=\"--awb-bg-size:cover;--awb-margin-bottom:0px;\"><div class=\"fusion-column-wrapper fusion-flex-column-wrapper-legacy\"><div class=\"fusion-sep-clear\"><\/div><div class=\"fusion-separator fusion-full-width-sep\" style=\"margin-left: auto;margin-right: auto;width:100%;\"><\/div><div class=\"fusion-sep-clear\"><\/div><div class=\"fusion-clearfix\"><\/div><\/div><\/div><\/div><\/div><div class=\"fusion-fullwidth fullwidth-box fusion-builder-row-2 hundred-percent-fullwidth non-hundred-percent-height-scrolling\" style=\"--awb-border-radius-top-left:0px;--awb-border-radius-top-right:0px;--awb-border-radius-bottom-right:0px;--awb-border-radius-bottom-left:0px;--awb-overflow:visible;--awb-flex-wrap:wrap;\" ><div class=\"fusion-builder-row fusion-row\"><div class=\"fusion-layout-column fusion_builder_column fusion-builder-column-1 fusion_builder_column_1_1 1_1 fusion-one-full fusion-column-first fusion-column-last fusion-column-no-min-height\" style=\"--awb-bg-size:cover;--awb-margin-bottom:0px;\"><div class=\"fusion-column-wrapper fusion-flex-column-wrapper-legacy\"><div class=\"fusion-reading-box-container reading-box-container-1\" style=\"--awb-title-color:#333333;--awb-margin-top:0px;--awb-margin-bottom:84px;\"><div class=\"reading-box\" style=\"background-color:#f6f6f6;border-width:1px;border-color:#f6f6f6;border-top-width:3px;border-top-color:var(--primary_color);border-style:solid;\"><h2>Cum s\u0103 comanda\u0163i <\/h2><div class=\"reading-box-additional fusion-reading-box-additional\">\n<p>Comanda se realizeaz\u0103 prin intermediul co\u015fului de cump\u0103r\u0103turi care poate fi accesat prin leg\u0103tura CO\u015eUL DE CUMP\u0102R\u0102TURI. Pute\u0163i ad\u0103uga elemente \u00een co\u015f folosind oricare dintre metodele de c\u0103utare, introduc\u00e2nd o cantitate \u015fi f\u0103c\u00e2nd clic pe butonul CUMP\u0102R\u0102. Pute\u0163i de asemenea s\u0103 merge\u0163i direct la CO\u015eUL MEU \u015fi s\u0103 modificati comanda. dupa preferinta.<\/p>\n<p>Aceasta procedura este identica si in cazul in care solicitati o oferta dedicata. Actionati optiunea respective.<\/p>\n<p>CUMP\u0102RARE RAPID\u0102 v\u0103 permite ca de pe pagina principal\u0103, s\u0103 introduce\u0163i coduri direct \u00een co\u015ful de cump\u0103r\u0103turi. Pute\u0163i s\u0103 modifica\u0163i cantit\u0103\u0163i \u015fi s\u0103 \u015fterge\u0163i elemente din co\u015f dup\u0103 cum este necesar. <\/p>\n<p>Finalizarea comenzii se face prin introducerea unor date personale, care odata introduse, vor genera un document de comanda care va fi trimis prin posta electronica. Asteptati contactarea telefonica dn partea operatorului nostru de vanzari pentru detalii suplimentare <\/p>\n<p><strong>Informa\u0163iile despre livrare <\/strong><br \/>Modalitatile legate de derularea activitatilor post comanda va vor fi furnizate de catre operatorul nostru de vanzari, direct telefonic sau prin posta electronica (e-mail). <\/p>\n<p>Revocarea comenzii<br \/>O comand\u0103 poate fi revocat\u0103 doar prin telefon, contact\u00e2nd Departamentul v\u00e2nz\u0103ri la num\u0103rul 0212423190<\/p>\n<p>Livrarea \u015fi return\u0103rile<br \/>Oferim o gam\u0103 de op\u0163iuni standard \u015fi expres de livrare \u015fi de asemenea o politic\u0103 de returnare f\u0103r\u0103 echivoc. Citi\u0163i termenii \u015fi condi\u0163iile noastre pentru mai multe detalii. <\/p>\n<p>Politica privind return\u0103rile<br \/>\u00cen\u0163elegem c\u0103 uneori v\u0103 r\u0103zg\u00e2ndi\u0163i dup\u0103 lansarea comenzii sau c\u0103 uneori produsele se pot deteriora \u00een timpul transportului. Dac\u0103 dori\u0163i s\u0103 returna\u0163i un produs, va trebui s\u0103 \u00eel trimite\u0163i \u00eenapoi \u00een termen de 10 zile de la primire \u015fi trebuie s\u0103 fie intact \u015fi ambalat corespunzator. <\/p>\n<\/div><div class=\"fusion-clearfix\"><\/div><\/div><svg style=\"opacity:0.7;\" xmlns=\"http:\/\/www.w3.org\/2000\/svg\" version=\"1.1\" width=\"100%\" viewBox=\"0 0 600 28\" preserveAspectRatio=\"none\"><g clip-path=\"url(#a)\"><mask id=\"b\" style=\"mask-type:luminance\" maskUnits=\"userSpaceOnUse\" x=\"0\" y=\"0\" width=\"600\" height=\"28\"><path d=\"M0 0h600v28H0V0Z\" fill=\"#fff\"\/><\/mask><g filter=\"url(#c)\" mask=\"url(#b)\"><path d=\"M16.439-18.667h567.123v30.8S438.961-8.4 300-8.4C161.04-8.4 16.438 12.133 16.438 12.133v-30.8Z\" fill=\"#000\"\/><\/g><\/g><defs><clipPath id=\"a\"><path fill=\"#fff\" d=\"M0 0h600v28H0z\"\/><\/clipPath><filter id=\"c\" x=\"5.438\" y=\"-29.667\" width=\"589.123\" height=\"52.8\" filterUnits=\"userSpaceOnUse\" color-interpolation-filters=\"sRGB\"><feFlood flood-opacity=\"0\" result=\"BackgroundImageFix\"\/><feBlend in=\"SourceGraphic\" in2=\"BackgroundImageFix\" result=\"shape\"\/><feGaussianBlur stdDeviation=\"5.5\" result=\"effect1_foregroundBlur_3983_183\"\/><\/filter><\/defs><\/svg><\/div><div class=\"fusion-sep-clear\"><\/div><div class=\"fusion-separator fusion-full-width-sep\" style=\"margin-left: auto;margin-right: auto;width:100%;\"><\/div><div class=\"fusion-sep-clear\"><\/div><div class=\"fusion-clearfix\"><\/div><\/div><\/div><\/div><\/div><\/p>\n","protected":false},"excerpt":{"rendered":"","protected":false},"author":1,"featured_media":0,"parent":0,"menu_order":40,"comment_status":"open","ping_status":"open","template":"","meta":{"footnotes":""},"class_list":["post-11906","page","type-page","status-publish","hentry"],"_links":{"self":[{"href":"https:\/\/www.vector-electronic.ro\/home\/index.php?rest_route=\/wp\/v2\/pages\/11906","targetHints":{"allow":["GET"]}}],"collection":[{"href":"https:\/\/www.vector-electronic.ro\/home\/index.php?rest_route=\/wp\/v2\/pages"}],"about":[{"href":"https:\/\/www.vector-electronic.ro\/home\/index.php?rest_route=\/wp\/v2\/types\/page"}],"author":[{"embeddable":true,"href":"https:\/\/www.vector-electronic.ro\/home\/index.php?rest_route=\/wp\/v2\/users\/1"}],"replies":[{"embeddable":true,"href":"https:\/\/www.vector-electronic.ro\/home\/index.php?rest_route=%2Fwp%2Fv2%2Fcomments&post=11906"}],"version-history":[{"count":3,"href":"https:\/\/www.vector-electronic.ro\/home\/index.php?rest_route=\/wp\/v2\/pages\/11906\/revisions"}],"predecessor-version":[{"id":11997,"href":"https:\/\/www.vector-electronic.ro\/home\/index.php?rest_route=\/wp\/v2\/pages\/11906\/revisions\/11997"}],"wp:attachment":[{"href":"https:\/\/www.vector-electronic.ro\/home\/index.php?rest_route=%2Fwp%2Fv2%2Fmedia&parent=11906"}],"curies":[{"name":"wp","href":"https:\/\/api.w.org\/{rel}","templated":true}]}}