{"id":11935,"date":"2016-03-23T02:52:23","date_gmt":"2016-03-23T02:52:23","guid":{"rendered":"http:\/\/www.vector-electronic.ro\/home\/?page_id=11935"},"modified":"2023-10-15T19:36:20","modified_gmt":"2023-10-15T19:36:20","slug":"descarcari","status":"publish","type":"page","link":"https:\/\/www.vector-electronic.ro\/home\/?page_id=11935","title":{"rendered":"Descarcari"},"content":{"rendered":"<p><div class=\"fusion-fullwidth fullwidth-box fusion-builder-row-1 hundred-percent-fullwidth non-hundred-percent-height-scrolling\" style=\"--awb-border-radius-top-left:0px;--awb-border-radius-top-right:0px;--awb-border-radius-bottom-right:0px;--awb-border-radius-bottom-left:0px;--awb-overflow:visible;--awb-margin-bottom:10px;--awb-background-color:rgba(255,255,255,0);--awb-flex-wrap:wrap;\" ><div class=\"fusion-builder-row fusion-row\"><div class=\"fusion-layout-column fusion_builder_column fusion-builder-column-0 fusion_builder_column_1_1 1_1 fusion-one-full fusion-column-first fusion-column-last fusion-column-no-min-height\" style=\"--awb-bg-size:cover;--awb-margin-bottom:0px;\"><div class=\"fusion-column-wrapper fusion-flex-column-wrapper-legacy\"><div class=\"fusion-sep-clear\"><\/div><div class=\"fusion-separator fusion-full-width-sep\" style=\"margin-left: auto;margin-right: auto;width:100%;\"><\/div><div class=\"fusion-sep-clear\"><\/div><div class=\"fusion-clearfix\"><\/div><\/div><\/div><\/div><\/div><div class=\"fusion-fullwidth fullwidth-box fusion-builder-row-2 hundred-percent-fullwidth non-hundred-percent-height-scrolling\" style=\"--awb-border-radius-top-left:0px;--awb-border-radius-top-right:0px;--awb-border-radius-bottom-right:0px;--awb-border-radius-bottom-left:0px;--awb-overflow:visible;--awb-flex-wrap:wrap;\" ><div class=\"fusion-builder-row fusion-row\"><div class=\"fusion-layout-column fusion_builder_column fusion-builder-column-1 fusion_builder_column_1_1 1_1 fusion-one-full fusion-column-first fusion-column-last fusion-column-no-min-height\" style=\"--awb-bg-size:cover;--awb-margin-bottom:0px;\"><div class=\"fusion-column-wrapper fusion-flex-column-wrapper-legacy\"><div class=\"fusion-content-boxes content-boxes columns row fusion-columns-2 fusion-columns-total-2 fusion-content-boxes-1 content-boxes-icon-with-title content-left\" style=\"--awb-hover-accent-color:#1a80b6;--awb-circle-hover-accent-color:#1a80b6;\" data-animationOffset=\"top-into-view\"><div style=\"--awb-backgroundcolor:rgba(255,255,255,0);--awb-iconcolor:#ffffff;\" class=\"fusion-column content-box-column content-box-column content-box-column-1 col-lg-6 col-md-6 col-sm-6 fusion-content-box-hover content-box-column-first-in-row\"><div class=\"col content-box-wrapper content-wrapper link-area-link-icon icon-hover-animation-fade\" data-animationOffset=\"top-into-view\"><div class=\"heading heading-with-icon icon-left\"><div class=\"icon\"><i style=\"border-color:#333333;border-width:1px;background-color:#dd3333;box-sizing:content-box;height:42px;width:42px;line-height:42px;border-radius:50%;font-size:21px;\" aria-hidden=\"true\" class=\"fontawesome-icon fa fa-arrow-circle-o-down circle-yes\"><\/i><\/div><h2 class=\"content-box-heading\" style=\"--h2_typography-font-size:18px;line-height:23px;\">CATALOG DE PRODUSE CRC<\/h2><\/div><div class=\"fusion-clearfix\"><\/div><div class=\"content-container\">\n<p>CATALOG DE PRODUSE CRC &#8211; O MIE \u0218I UNA SOLUTII<\/p>\n<p>MULTIFUNCTIONALE \/ CUR\u0102T\u0102TOARE \/ LUBRIFIANTE \/ PRODUSE ANTI-COROZIUNE \/ ADITIVI \/ PRODUSE SPECIALE \/ \u00ceNGRIJIRE MA\u0218IN\u0102 \/ ADEZIVI \u0218I ETAN\u0218ATORI \/ ALTELE<\/p>\n<p>CRC Industries este un furnizor mondial de produse chimice pentru industria, auto, maritim\u0103 \u0219i electronic\u0103.<\/p>\n<p>\u00cen gama de produse CRC pentru automobile se g\u0103sesc tipuri de produse pentru \u00eentre\u00feinerea \u0219i repararea tuturor ma\u0219inilor:<br \/>\nmultifunctionale, cur\u0103t\u0103toare, lubrifiante, produse anti-coroziune, aditivi, pentru \u00eengrijirea ma\u0219inii, adezivi \u0219i etan\u0219atori, alte produse speciale \u2026<\/p>\n<p>CRC Industries Europe, produc\u0103torul pentru piata european\u0103 al grupului CRC, este certificat ISO 9001:2000.<br \/>\nNoi garant\u0103m calitatea superioar\u0103 a produselor noastre prin respectarea strict\u0103 a procedurilor stabilite \u00een toate aspectele cercet\u0103rii, dezvolt\u0103rii \u0219i productiei.<br \/>\n\u00cen acela\u0219i timp \u00eendeplinim cele mai exigente standarde actuale de mediu \u0219i sigurant\u0103.<\/p>\n<p>CRC Industries dezvolt\u0103 produse noi \u0219i continu\u0103 s\u0103 adapteze produsele existente pentru a \u00eendeplini toate nevoile \u0219i cerin\u00feele clien\u00feilor no\u0219tri.<\/p>\n<p>Pentru mai multe detalii, va rugam sa descarcati catalogul complet de mai jos:<\/p>\n<p><a href=\"http:\/\/www.vector-electronic.ro\/home\/wp-content\/uploads\/2016\/03\/catalog_kc.pdf\"><img decoding=\"async\" class=\"aligncenter size-thumbnail wp-image-11937 lazyload\" data-src=\"http:\/\/www.vector-electronic.ro\/home\/wp-content\/uploads\/2016\/03\/pdf-icon-150x150.png\" alt=\"pdf-icon\" width=\"100\" height=\"100\" data-srcset=\"https:\/\/www.vector-electronic.ro\/home\/wp-content\/uploads\/2016\/03\/pdf-icon-66x66.png 66w, https:\/\/www.vector-electronic.ro\/home\/wp-content\/uploads\/2016\/03\/pdf-icon-150x150.png 150w, https:\/\/www.vector-electronic.ro\/home\/wp-content\/uploads\/2016\/03\/pdf-icon.png 256w\" data-sizes=\"(max-width: 100px) 100vw, 100px\" src=\"data:image\/svg+xml;base64,PHN2ZyB3aWR0aD0iMSIgaGVpZ2h0PSIxIiB4bWxucz0iaHR0cDovL3d3dy53My5vcmcvMjAwMC9zdmciPjwvc3ZnPg==\" style=\"--smush-placeholder-width: 100px; --smush-placeholder-aspect-ratio: 100\/100;\" \/><\/a><\/p>\n<\/div><\/div><\/div><div style=\"--awb-backgroundcolor:rgba(255,255,255,0);--awb-iconcolor:#ffffff;\" class=\"fusion-column content-box-column content-box-column content-box-column-2 col-lg-6 col-md-6 col-sm-6 fusion-content-box-hover content-box-column-last content-box-column-last-in-row\"><div class=\"col content-box-wrapper content-wrapper link-area-link-icon icon-hover-animation-fade\" data-animationOffset=\"top-into-view\"><div class=\"heading heading-with-icon icon-left\"><div class=\"icon\"><i style=\"border-color:#333333;border-width:1px;background-color:#dd3333;box-sizing:content-box;height:42px;width:42px;line-height:42px;border-radius:50%;font-size:21px;\" aria-hidden=\"true\" class=\"fontawesome-icon fa-file far circle-yes\"><\/i><\/div><h2 class=\"content-box-heading\" style=\"--h2_typography-font-size:18px;line-height:23px;\">GHID KONTAKT CHEMIE<\/h2><\/div><div class=\"fusion-clearfix\"><\/div><div class=\"content-container\">\n<p>O GAMA LARGA DE PRODUSE<\/p>\n<p>Cum componentele electronice sunt tot mai folosite \u00een diverse domenii, gama de produse KONTAKT CHEMIE are urmatoarele intrebuintari:<\/p>\n<p>CURATARI TEHNICE<br \/>\nFie ca este un caz de contacte atacate de coroziune, sau cablaje de circuite imprimate sau componente electronice murdare, spray-urile de curatat KONTAKT CHEMIE restabilesc rapid conexiunile.<\/p>\n<p>\u00ceNTRETINERE SI ASIGURAREA CALITATII<br \/>\nKONTAKT CHEMIE ofera o multitudine de produse, care sunt special concepute pentru \u00eengrijirea echipamentelor electronice si electrice si pentru a garanta functionarea lor ireprosabila pe termen lung.<\/p>\n<p>PROTECTIE SIGURA SI DE LUNGA DURATA<br \/>\nUmezeala este inamicul tuturor contactelor electrice. Produsele de inalta calitate din gama KONTAKT CHEMIE protejeaza \u00eempotriva<br \/>\ncoroziunii si pastreaza componentele electronice in stare de functionare chiar si atunci c\u00e2nd mediul nu este prielnic.<\/p>\n<p>UTILIZARI SPECIALE<br \/>\nSpray-urile KONTAKT CHEMIE garanteaza o protectie eficienta cu o rezistenta dielectrica ridicata, pastr\u00e2nd toate componentele, circuitele imprimate, metalele etc, curate, sigure si adecvate.<\/p>\n<p>Pentru mai multe detalii, va rugam sa descarcati catalogul complet de mai jos:<\/p>\n<p><a href=\"http:\/\/www.vector-electronic.ro\/home\/wp-content\/uploads\/2016\/03\/CATALOG_VE.pdf\"><img decoding=\"async\" class=\"aligncenter size-thumbnail wp-image-11937 lazyload\" data-src=\"http:\/\/www.vector-electronic.ro\/home\/wp-content\/uploads\/2016\/03\/pdf-icon-150x150.png\" alt=\"pdf-icon\" width=\"100\" height=\"100\" data-srcset=\"https:\/\/www.vector-electronic.ro\/home\/wp-content\/uploads\/2016\/03\/pdf-icon-66x66.png 66w, https:\/\/www.vector-electronic.ro\/home\/wp-content\/uploads\/2016\/03\/pdf-icon-150x150.png 150w, https:\/\/www.vector-electronic.ro\/home\/wp-content\/uploads\/2016\/03\/pdf-icon.png 256w\" data-sizes=\"(max-width: 100px) 100vw, 100px\" src=\"data:image\/svg+xml;base64,PHN2ZyB3aWR0aD0iMSIgaGVpZ2h0PSIxIiB4bWxucz0iaHR0cDovL3d3dy53My5vcmcvMjAwMC9zdmciPjwvc3ZnPg==\" style=\"--smush-placeholder-width: 100px; --smush-placeholder-aspect-ratio: 100\/100;\" \/><\/a><\/p>\n<\/div><\/div><\/div><div class=\"fusion-clearfix\"><\/div><\/div><div class=\"fusion-sep-clear\"><\/div><div class=\"fusion-separator fusion-full-width-sep\" style=\"margin-left: auto;margin-right: auto;width:100%;\"><\/div><div class=\"fusion-sep-clear\"><\/div><div class=\"fusion-clearfix\"><\/div><\/div><\/div><\/div><\/div><\/p>\n","protected":false},"excerpt":{"rendered":"","protected":false},"author":1,"featured_media":0,"parent":0,"menu_order":40,"comment_status":"closed","ping_status":"closed","template":"","meta":{"footnotes":""},"class_list":["post-11935","page","type-page","status-publish","hentry"],"_links":{"self":[{"href":"https:\/\/www.vector-electronic.ro\/home\/index.php?rest_route=\/wp\/v2\/pages\/11935","targetHints":{"allow":["GET"]}}],"collection":[{"href":"https:\/\/www.vector-electronic.ro\/home\/index.php?rest_route=\/wp\/v2\/pages"}],"about":[{"href":"https:\/\/www.vector-electronic.ro\/home\/index.php?rest_route=\/wp\/v2\/types\/page"}],"author":[{"embeddable":true,"href":"https:\/\/www.vector-electronic.ro\/home\/index.php?rest_route=\/wp\/v2\/users\/1"}],"replies":[{"embeddable":true,"href":"https:\/\/www.vector-electronic.ro\/home\/index.php?rest_route=%2Fwp%2Fv2%2Fcomments&post=11935"}],"version-history":[{"count":12,"href":"https:\/\/www.vector-electronic.ro\/home\/index.php?rest_route=\/wp\/v2\/pages\/11935\/revisions"}],"predecessor-version":[{"id":12181,"href":"https:\/\/www.vector-electronic.ro\/home\/index.php?rest_route=\/wp\/v2\/pages\/11935\/revisions\/12181"}],"wp:attachment":[{"href":"https:\/\/www.vector-electronic.ro\/home\/index.php?rest_route=%2Fwp%2Fv2%2Fmedia&parent=11935"}],"curies":[{"name":"wp","href":"https:\/\/api.w.org\/{rel}","templated":true}]}}